{"id":2837,"date":"2019-11-03T14:43:51","date_gmt":"2019-11-03T14:43:51","guid":{"rendered":"http:\/\/sadg.fr\/?page_id=2837"},"modified":"2019-12-22T08:05:19","modified_gmt":"2019-12-22T08:05:19","slug":"pastorale-des-familles","status":"publish","type":"page","link":"https:\/\/sadg.fr\/?page_id=2837","title":{"rendered":"Pastorale des Familles"},"content":{"rendered":"<blockquote><p>La famille est le lieu privil\u00e9gi\u00e9 o\u00f9 toute personne apprend \u00e0 donner et recevoir de l&rsquo;amour&#8230; La famille est un bien n\u00e9cessaire pour les peuples, un fondement indispensable pour la soci\u00e9t\u00e9 et un grand tr\u00e9sor pour les \u00e9poux durant toute leur vie. C&rsquo;est un bien irrempla\u00e7able pour les enfants&#8230; &#8211; Pape Benoit XVI<\/p><\/blockquote>\n<p>Au niveau de la Paroisse Ste Anne de Goulaine, une \u00e9quipe de b\u00e9n\u00e9voles sert de relais avec le <a href=\"https:\/\/diocese44.fr\/les-services-pastoraux\/pastorale-des-familles\/\" target=\"_blank\">Service Dioc\u00e9sain de la Pastorale des Familles<\/a> et agit localement en proposant diverses animations aux familles.<\/p>\n<table>\n<tbody>\n<tr>\n<td style=\"background-color: #e5f054; border-color: #7a3b22;\">\n<h2><strong>\u00c9veil \u00e0 la Foi<\/strong><\/h2>\n<p>C\u2019est aider l\u2019enfant \u00e0 grandir et lui donner les premiers \u00e9l\u00e9ments d\u2019une culture religieuse. L\u2019\u00e9veil \u00e0 la foi n\u2019est pas un enseignement. On n\u2019impose pas de r\u00e9ponses toutes faites. On donne \u00e0 l\u2019enfant le go\u00fbt de Dieu par tous les sens.<\/td>\n<td style=\"background-color: #e5f054; border-color: #7a3b22;\">Prochaines dates<\/p>\n<p>&amp;<\/p>\n<p><a href=\"http:\/\/sadg.fr\/?page_id=281\" target=\"_blank\">Plus d&rsquo;infos en cliquant ici<\/a><\/td>\n<\/tr>\n<tr>\n<td style=\"background-color: #a4f5f1; border-color: #7a3b22;\">\n<h2><strong>Atelier des Papas \/ des Mamans<br \/>\n<\/strong><\/h2>\n<p>Un atelier sur un th\u00e8me autour du couple avec un intervenant sp\u00e9cialiste du th\u00e8me, suivi d\u2019un temps d\u2019\u00e9changes entre papas \/ mamans uniquement<\/p>\n<p>&nbsp;<\/p>\n<p>A la Maison Paroissiale de Basse Goulaine<\/td>\n<td style=\"background-color: #a4f5f1; border-color: #7a3b22;\">Pour les <strong>Papas : Mardi 28 janvier 2020<\/strong><\/p>\n<p>&nbsp;<\/p>\n<p>Pour les <strong>Mamans : Mardi 31 mars 2020<\/strong><\/p>\n<p>&nbsp;<\/p>\n<p>de 19h30 \u00e0 22h00<\/td>\n<\/tr>\n<tr>\n<td style=\"background-color: #e5f054; border-color: #7a3b22;\">\n<h2><strong>Messe en Famille<\/strong><\/h2>\n<p>c\u2019est \u00e0 dire une messe anim\u00e9e par une \u00e9quipe liturgique dans laquelle les parents et les enfants ont leur place\u2026 et donc une messe qui s\u2019adresse aux familles et pendant laquelle les enfants participent activement.<\/td>\n<td style=\"background-color: #e5f054; border-color: #7a3b22;\">Prochaines dates<\/p>\n<p>&amp;<\/p>\n<p><a href=\"http:\/\/sadg.fr\/?page_id=2247\" target=\"_blank\">Plus d&rsquo;infos en cliquant ici<\/a><\/td>\n<\/tr>\n<tr>\n<td style=\"background-color: #a4f5f1; border-color: #7a3b22;\">\n<h2><strong>AfterWork<\/strong><\/h2>\n<p>Venez rencontrer d\u2019autres parents pour partager un moment de convivialit\u00e9<br \/>\nRDV entre 18h30 et 21h30 (selon vos disponibilit\u00e9s)<br \/>\n\u00e0 la Maison Paroissiale de Basse-Goulaine<\/td>\n<td style=\"background-color: #a4f5f1; border-color: #7a3b22;\"><strong>Vendredi 07 f\u00e9vrier 2020<\/strong><\/p>\n<p>&nbsp;<\/p>\n<p><strong>Vendredi 19 juin 2020<\/strong><\/p>\n<p>&nbsp;<\/p>\n<p>entre 18h30 et 21h30<\/td>\n<\/tr>\n<tr>\n<td style=\"background-color: #e5f054; border-color: #7a3b22;\">\n<h2><strong>P\u00f4le Jeunes \u00ab\u00a0Frat\u00a0\u00bb<\/strong><\/h2>\n<p>Rencontres pour un temps de \u00ab\u00a0frat\u00a0\u00bb avec les <strong>jeunes \u00e0 partir de la 4\u00e8me<\/strong> :<br \/>\ntous les premiers samedis du mois \u00e0 partir du mois d\u2019Octobre<br \/>\n(sauf pendant les vacances scolaires)<br \/>\n\u00e0 l\u2019<strong>Aum\u00f4nerie de Basse-Goulaine apr\u00e8s la messe de 18h30<br \/>\n<\/strong><\/td>\n<td style=\"background-color: #e5f054; border-color: #7a3b22;\">Contact : Vanessa 06.11.89.56.46<br \/>\nvanessa.jeannin10@gmail.com<\/td>\n<\/tr>\n<\/tbody>\n<\/table>\n<p>Et encore plus d&rsquo;infos en consultant le <a href=\"http:\/\/sadg.fr\/wp-content\/uploads\/2018\/09\/Guide-paroissial-2018-2019.pdf\" target=\"_blank\">Guide Paroissial<\/a> ou le <a href=\"http:\/\/sadg.fr\/?page_id=223\" target=\"_blank\">Bulletin paroissial du mois<\/a><\/p>\n<p>Ou \u00e9galement le <a href=\"https:\/\/diocese44.fr\/wp-content\/uploads\/2019\/09\/pastorale-famille_plaquette.pdf\" target=\"_blank\">Guide dioc\u00e9sain<\/a><\/p>\n<p>&nbsp;<\/p>\n<p>Pour davantage d&rsquo;infos, contacter<\/p>\n<p>Vanessa : 06.11.89.56.46 ou <a href=\"mailto:vanessa.jeannin10@gmail.com\" target=\"_blank\">vanessa.jeannin10@gmail.com<\/a><\/p>\n<p>ou <a href=\"mailto:communication@sadg.fr\" target=\"_blank\">communication@sadg.fr<\/a><\/p>\n","protected":false},"excerpt":{"rendered":"<p>La famille est le lieu privil\u00e9gi\u00e9 o\u00f9 toute personne apprend \u00e0 donner et recevoir de l&rsquo;amour&#8230; La famille est un bien n\u00e9cessaire pour les peuples, un fondement indispensable pour la soci\u00e9t\u00e9 et un grand tr\u00e9sor pour les \u00e9poux durant toute leur vie. C&rsquo;est un bien irrempla\u00e7able pour les enfants&#8230; &#8211; Pape Benoit XVI Au niveau [&hellip;]<\/p>\n","protected":false},"author":4,"featured_media":0,"parent":0,"menu_order":0,"comment_status":"closed","ping_status":"closed","template":"","meta":{"footnotes":""},"class_list":["post-2837","page","type-page","status-publish","hentry"],"_links":{"self":[{"href":"https:\/\/sadg.fr\/index.php?rest_route=\/wp\/v2\/pages\/2837","targetHints":{"allow":["GET"]}}],"collection":[{"href":"https:\/\/sadg.fr\/index.php?rest_route=\/wp\/v2\/pages"}],"about":[{"href":"https:\/\/sadg.fr\/index.php?rest_route=\/wp\/v2\/types\/page"}],"author":[{"embeddable":true,"href":"https:\/\/sadg.fr\/index.php?rest_route=\/wp\/v2\/users\/4"}],"replies":[{"embeddable":true,"href":"https:\/\/sadg.fr\/index.php?rest_route=%2Fwp%2Fv2%2Fcomments&post=2837"}],"version-history":[{"count":14,"href":"https:\/\/sadg.fr\/index.php?rest_route=\/wp\/v2\/pages\/2837\/revisions"}],"predecessor-version":[{"id":2866,"href":"https:\/\/sadg.fr\/index.php?rest_route=\/wp\/v2\/pages\/2837\/revisions\/2866"}],"wp:attachment":[{"href":"https:\/\/sadg.fr\/index.php?rest_route=%2Fwp%2Fv2%2Fmedia&parent=2837"}],"curies":[{"name":"wp","href":"https:\/\/api.w.org\/{rel}","templated":true}]}}