{"id":265,"date":"2015-04-08T06:48:18","date_gmt":"2015-04-08T06:48:18","guid":{"rendered":"http:\/\/alerteinfo.com\/steanne\/?page_id=265"},"modified":"2023-09-15T22:10:51","modified_gmt":"2023-09-15T22:10:51","slug":"marguillier-chorale","status":"publish","type":"page","link":"https:\/\/sadg.fr\/?page_id=265","title":{"rendered":"Chorale"},"content":{"rendered":"<p>La chorale Sainte Anne de Goulaine vous ouvre ses portes : celles de l\u2019\u00e9glise de Basse-Goulaine, tous les mardis soir de 20h00 \u00e0 21h30, \u00ab Bien chanter, disait Saint Augustin, c\u2019est prier deux fois \u00bb. La chorale vous propose donc de partager le chant, la pri\u00e8re et l\u2019amiti\u00e9.<\/p>\n<p><a href=\"http:\/\/sadg.fr\/wp-content\/uploads\/2015\/04\/maison-paroissiale-sainte-anne-de-goulaine-chorale.jpg\" rel=\"attachment wp-att-551\"><img loading=\"lazy\" decoding=\"async\" class=\"alignnone size-medium wp-image-551\" src=\"http:\/\/sadg.fr\/wp-content\/uploads\/2015\/04\/maison-paroissiale-sainte-anne-de-goulaine-chorale-300x228.jpg\" alt=\"maison-paroissiale-sainte anne de goulaine - chorale\" width=\"300\" height=\"228\" srcset=\"https:\/\/sadg.fr\/wp-content\/uploads\/2015\/04\/maison-paroissiale-sainte-anne-de-goulaine-chorale-300x228.jpg 300w, https:\/\/sadg.fr\/wp-content\/uploads\/2015\/04\/maison-paroissiale-sainte-anne-de-goulaine-chorale.jpg 581w\" sizes=\"auto, (max-width: 300px) 100vw, 300px\" \/><\/a><\/p>\n<p>Vous \u00eates nouvel arrivant sur la paroisse ou au contraire, paroissien depuis plusieurs ann\u00e9es, vous avez envie de chanter et de vous investir dans la liturgie, mais vous n\u2019avez pas encore os\u00e9 ? Que votre m\u00e9connaissance de la musique ne soit pas un obstacle, pas plus que le fait de n\u2019avoir jamais chant\u00e9.<\/p>\n<p>Contact\u00a0: Annick BURGAUD 02 40 06 20 59<\/p>\n<p>\u00c9v\u00e8nement \u00e0 venir : les 40 ans d&rsquo;ANCOLIES (3, 4 et 5 Novembre 2023) \u00e0 Lourdes<\/p>\n<p><a href=\"https:\/\/www.ancoli.com\/news\/14\/26\/Ancolies-2023-%C3%A0-Lourdes\">Ancolies 2023 \u00e0 Lourdes &#8211; Ancoli<\/a><\/p>\n<div data-canvas-width=\"65.19860915138078\"><\/div>\n","protected":false},"excerpt":{"rendered":"<p>La chorale Sainte Anne de Goulaine vous ouvre ses portes : celles de l\u2019\u00e9glise de Basse-Goulaine, tous les mardis soir de 20h00 \u00e0 21h30, \u00ab Bien chanter, disait Saint Augustin, c\u2019est prier deux fois \u00bb. La chorale vous propose donc de partager le chant, la pri\u00e8re et l\u2019amiti\u00e9. Vous \u00eates nouvel arrivant sur la paroisse [&hellip;]<\/p>\n","protected":false},"author":1,"featured_media":0,"parent":398,"menu_order":0,"comment_status":"closed","ping_status":"closed","template":"","meta":{"footnotes":""},"class_list":["post-265","page","type-page","status-publish","hentry"],"_links":{"self":[{"href":"https:\/\/sadg.fr\/index.php?rest_route=\/wp\/v2\/pages\/265","targetHints":{"allow":["GET"]}}],"collection":[{"href":"https:\/\/sadg.fr\/index.php?rest_route=\/wp\/v2\/pages"}],"about":[{"href":"https:\/\/sadg.fr\/index.php?rest_route=\/wp\/v2\/types\/page"}],"author":[{"embeddable":true,"href":"https:\/\/sadg.fr\/index.php?rest_route=\/wp\/v2\/users\/1"}],"replies":[{"embeddable":true,"href":"https:\/\/sadg.fr\/index.php?rest_route=%2Fwp%2Fv2%2Fcomments&post=265"}],"version-history":[{"count":10,"href":"https:\/\/sadg.fr\/index.php?rest_route=\/wp\/v2\/pages\/265\/revisions"}],"predecessor-version":[{"id":5621,"href":"https:\/\/sadg.fr\/index.php?rest_route=\/wp\/v2\/pages\/265\/revisions\/5621"}],"up":[{"embeddable":true,"href":"https:\/\/sadg.fr\/index.php?rest_route=\/wp\/v2\/pages\/398"}],"wp:attachment":[{"href":"https:\/\/sadg.fr\/index.php?rest_route=%2Fwp%2Fv2%2Fmedia&parent=265"}],"curies":[{"name":"wp","href":"https:\/\/api.w.org\/{rel}","templated":true}]}}