{"id":244,"date":"2015-04-07T22:12:03","date_gmt":"2015-04-07T22:12:03","guid":{"rendered":"http:\/\/alerteinfo.com\/steanne\/?page_id=244"},"modified":"2015-09-29T14:34:24","modified_gmt":"2015-09-29T14:34:24","slug":"rencontrer-religieuses","status":"publish","type":"page","link":"https:\/\/sadg.fr\/?page_id=244","title":{"rendered":"Religieuses"},"content":{"rendered":"<p><em><span style=\"color: #99cc00;\"><strong>S\u0153urs de l&rsquo;Instruction Chr\u00e9tienne (Saint Gildas) <\/strong><\/span><\/em><\/p>\n<p>5 avenue des Nou\u00eblles 44115 BASSE GOULAINE 02 40 06 13 00<\/p>\n<p><span style=\"color: #99cc00;\"><em><strong>Institut Notre Dame des Ap\u00f4tres <\/strong><\/em><\/span><\/p>\n<p>R\u00e9sidence les Gl\u00e9nans \u2013 EHPAD \u2013 1, rue des Guivettes 44115 HAUTE GOULAINE 02 40 06 56 57<\/p>\n<p>&nbsp;<\/p>\n","protected":false},"excerpt":{"rendered":"<p>S\u0153urs de l&rsquo;Instruction Chr\u00e9tienne (Saint Gildas) 5 avenue des Nou\u00eblles 44115 BASSE GOULAINE 02 40 06 13 00 Institut Notre Dame des Ap\u00f4tres R\u00e9sidence les Gl\u00e9nans \u2013 EHPAD \u2013 1, rue des Guivettes 44115 HAUTE GOULAINE 02 40 06 56 57 &nbsp;<\/p>\n","protected":false},"author":1,"featured_media":0,"parent":391,"menu_order":0,"comment_status":"closed","ping_status":"closed","template":"","meta":{"footnotes":""},"class_list":["post-244","page","type-page","status-publish","hentry"],"_links":{"self":[{"href":"https:\/\/sadg.fr\/index.php?rest_route=\/wp\/v2\/pages\/244","targetHints":{"allow":["GET"]}}],"collection":[{"href":"https:\/\/sadg.fr\/index.php?rest_route=\/wp\/v2\/pages"}],"about":[{"href":"https:\/\/sadg.fr\/index.php?rest_route=\/wp\/v2\/types\/page"}],"author":[{"embeddable":true,"href":"https:\/\/sadg.fr\/index.php?rest_route=\/wp\/v2\/users\/1"}],"replies":[{"embeddable":true,"href":"https:\/\/sadg.fr\/index.php?rest_route=%2Fwp%2Fv2%2Fcomments&post=244"}],"version-history":[{"count":4,"href":"https:\/\/sadg.fr\/index.php?rest_route=\/wp\/v2\/pages\/244\/revisions"}],"predecessor-version":[{"id":535,"href":"https:\/\/sadg.fr\/index.php?rest_route=\/wp\/v2\/pages\/244\/revisions\/535"}],"up":[{"embeddable":true,"href":"https:\/\/sadg.fr\/index.php?rest_route=\/wp\/v2\/pages\/391"}],"wp:attachment":[{"href":"https:\/\/sadg.fr\/index.php?rest_route=%2Fwp%2Fv2%2Fmedia&parent=244"}],"curies":[{"name":"wp","href":"https:\/\/api.w.org\/{rel}","templated":true}]}}