{"id":2247,"date":"2018-05-19T20:43:49","date_gmt":"2018-05-19T20:43:49","guid":{"rendered":"http:\/\/sadg.fr\/?page_id=2247"},"modified":"2024-01-10T17:44:29","modified_gmt":"2024-01-10T17:44:29","slug":"messe-en-famille","status":"publish","type":"page","link":"https:\/\/sadg.fr\/?page_id=2247","title":{"rendered":"Messe en Famille"},"content":{"rendered":"<h3 style=\"text-align: center;\"><span style=\"color: #800080;\"><em>Retrouve les chants de la prochaine \u00ab\u00a0messe en famille\u00a0\u00bb en descendant plus bas dans cette page !<\/em><\/span><\/h3>\n<p><span style=\"text-decoration: underline;\"><strong>C&rsquo;est quoi la \u00ab\u00a0messe en famille\u00a0\u00bb ?<\/strong><\/span><\/p>\n<p>P\u00e9riodiquement, la messe dominicale est une \u00ab\u00a0messe en famille\u00a0\u00bb, c&rsquo;est \u00e0 dire une messe anim\u00e9e par une \u00e9quipe liturgique dans laquelle les parents et les enfants ont leur place&#8230; et donc une messe qui s&rsquo;adresse aux familles et pendant laquelle les enfants participent activement.<\/p>\n<p><span style=\"text-decoration: underline;\"><strong>Quand a lieu la \u00ab\u00a0messe en famille\u00a0\u00bb ?<\/strong><\/span><\/p>\n<p>Plusieurs fois par an.<strong><br \/>\n<\/strong><\/p>\n<p><span style=\"text-decoration: underline;\"><strong>Comment y participer ?<\/strong><\/span><\/p>\n<p>D&rsquo;abord, en y venant en famille&#8230;<\/p>\n<p>Ensuite, pour ceux qui veulent \u00eatre encore plus actifs, plusieurs moyens :<\/p>\n<ul>\n<li>rejoindre l&rsquo;\u00e9quipe liturgique qui les pr\u00e9pare<\/li>\n<li>int\u00e9grer le groupe des jeunes musiciens<\/li>\n<li>faire partie de la chorale (enfants &amp; adultes)<\/li>\n<li>r\u00e9p\u00e9ter les chants ou les musiques chez soi<\/li>\n<li>lire un texte ou une pri\u00e8re<\/li>\n<li>faire la procession des offrandes, la qu\u00eate, la distribution des feuillets de messe&#8230;<\/li>\n<\/ul>\n<p>Contact \u00a0: Anne Jacopy (07 83 76 05 48) mail : pascaljacopy@free.fr<\/p>\n<div>\n<div>\n<pre>Voici le programme et les chants de la messe en famille \ndes <b>20 &amp; 21 janvier 2024<\/b> :\n\n<\/pre>\n<\/div>\n<div><b>Seigneur tu nous appelles<\/b><\/div>\n<div><b>Kyrie<\/b><\/div>\n<div><b>Gloire \u00e0 Dieu<\/b><\/div>\n<div><b>All\u00e9luia<br \/>\n<\/b><\/div>\n<div><b>Ce pain c&rsquo;est J\u00e9sus qui se donne<\/b><\/div>\n<div><b>Notre p\u00e8re<br \/>\n<\/b><\/div>\n<div><b>P\u00e8lerin sur la terre<br \/>\n<\/b><\/div>\n<div><b>\u00a0<\/b><\/div>\n<p>Si vous souhaitez participer, n&rsquo;h\u00e9sitez pas \u00e0 contacter Anne Jacopy ( coordonn\u00e9es plus haut dans la page)<\/p>\n<\/div>\n<p>Feuille de l&rsquo;assembl\u00e9e : cliquer ici<a href=\"http:\/\/sadg.fr\/wp-content\/uploads\/2024\/01\/feuilletMesse21-01-2024Final.pdf\">http:\/\/sadg.fr\/wp-content\/uploads\/2024\/01\/feuilletMesse21-01-2024Final.pdf<\/a><\/p>\n<p>Chants : cliquer ci-dessous sur <em> <span style=\"color: #800080;\">Chant en mp3<\/span> \u00a0 ou\u00a0\u00a0 <span style=\"color: #008000;\">Partition en pdf<\/span><\/em><\/p>\n<ul>\n<li><span style=\"text-decoration: underline;\">Chant d&rsquo;accueil :<\/span> <em>Seigneur, tu nous appelles \u00a0\u00a0\u00a0\u00a0 <a href=\"http:\/\/sadg.fr\/wp-content\/uploads\/2020\/01\/1-2-12-seigneur-tu-nous-appelles.mp3\" target=\"_blank\" rel=\"noopener\"><span style=\"color: #800080;\">Chant en mp3<\/span><\/a> \u00a0\u00a0\u00a0 <span style=\"color: #008000;\"><a href=\"http:\/\/sadg.fr\/wp-content\/uploads\/2020\/01\/1-2-12-seigneur-tu-nous-appelles-soeur-agathe.pdf\" target=\"_blank\" rel=\"noopener\">Partition en pdf<\/a><\/span><\/em><\/li>\n<li><span style=\"text-decoration: underline;\">Pri\u00e8re p\u00e9nitentielle :<\/span><em><span style=\"color: #008000;\"><span style=\"color: #808080;\"> kYRIE<\/span>\u00a0<a href=\"http:\/\/sadg.fr\/wp-content\/uploads\/2020\/01\/1-2-12-seigneur-tu-nous-appelles.mp3\" target=\"_blank\" rel=\"noopener\"><span style=\"color: #800080;\">Chant en mp3<\/span><\/a> \u00a0\u00a0\u00a0 <a href=\"http:\/\/sadg.fr\/wp-content\/uploads\/2020\/01\/1-2-12-seigneur-tu-nous-appelles-soeur-agathe.pdf\" target=\"_blank\" rel=\"noopener\">Partition en pdf<\/a><\/span><\/em><\/li>\n<li><span style=\"text-decoration: underline;\">Gloria<\/span><em> : Gloria (messe de la R\u00e9union) \u00a0\u00a0\u00a0 <a href=\"http:\/\/sadg.fr\/wp-content\/uploads\/2018\/09\/3-Gloire-\u00e0-Dieu-Messe-de-La-R\u00e9union-Laurent-Grzybowski-.mp3\" target=\"_blank\" rel=\"noopener\"><span style=\"color: #800080;\">Chant en mp3<\/span><\/a> \u00a0\u00a0\u00a0 <a href=\"http:\/\/sadg.fr\/wp-content\/uploads\/2018\/09\/3-messe-de-la-reunion.pdf\" target=\"_blank\" rel=\"noopener\"><span style=\"color: #008000;\">Partition en<\/span><span style=\"color: #008000;\"> pdf<\/span><\/a><br \/>\n<\/em><\/li>\n<li><span style=\"text-decoration: underline;\">Acclamation de l\u2019\u00c9vangile :<\/span> <em>\u00a0 Alleluia\u00a0 \u00a0 <span style=\"color: #800080;\"><a href=\"http:\/\/sadg.fr\/wp-content\/uploads\/2020\/01\/5-Alleluia_He_-Glorious-.mp3\" target=\"_blank\" rel=\"noopener\">Chant en mp3<\/a><\/span>\u00a0 \u00a0\u00a0<\/em><\/li>\n<li><span style=\"text-decoration: underline;\">Notre P\u00e8re :<\/span> <em>Glorious \u00a0\u00a0\u00a0\u00a0 <span style=\"color: #800080;\">Chant en mp3<\/span> \u00a0<a href=\"http:\/\/sadg.fr\/wp-content\/uploads\/2024\/01\/10-NOTRE-PERE-GLORIOUS.mp3\">http:\/\/sadg.fr\/wp-content\/uploads\/2024\/01\/10-NOTRE-PERE-GLORIOUS.mp3<\/a>\u00a0\u00a0\u00a0<span style=\"color: #008000;\"><a href=\"http:\/\/sadg.fr\/wp-content\/uploads\/2018\/09\/9-notre-pere-glorious.pdf\" target=\"_blank\" rel=\"noopener\">Partition en pdf<\/a><\/span><\/em>\u00a0 \u00a0 \u00a0 <span style=\"text-decoration: underline;\"><a href=\"https:\/\/www.youtube.com\/watch?v=49vAjO3Gzzg\" target=\"_blank\" rel=\"noopener\">Gestes<\/a><\/span><\/li>\n<li><span style=\"text-decoration: underline;\">Communion :<\/span> Ce pain c&rsquo;est J\u00e9sus qui se donne <span style=\"text-decoration: underline;\"><em><span style=\"color: #00ccff; text-decoration: underline;\">Chant en mp3<\/span> \u00a0\u00a0 <\/em><\/span><a href=\"http:\/\/sadg.fr\/wp-content\/uploads\/2024\/01\/12-Ce-pain-cest-Jesus-qui-se-donne.mp3\">http:\/\/sadg.fr\/wp-content\/uploads\/2024\/01\/12-Ce-pain-cest-Jesus-qui-se-donne.mp3<\/a><\/li>\n<li><span style=\"text-decoration: underline;\">Chant d&rsquo;envoi <\/span><em><em><span style=\"color: #008000;\"><span style=\"color: #808080;\"><span style=\"text-decoration: underline;\">:<\/span> <\/span><\/span><\/em><\/em><em style=\"font-size: revert; color: initial;\"><span style=\"color: #008000;\"><span style=\"color: #808080;\">P\u00e8lerin sur la terre\u00a0 \u00a0<\/span><\/span><\/em><em><span style=\"color: #00ccff;\"><span style=\"text-decoration: underline;\"> Chant en mp3<\/span> <\/span><\/em><em style=\"font-size: revert; color: initial;\"><span style=\"color: #008000;\"><span style=\"color: #808080;\"><a href=\"http:\/\/sadg.fr\/wp-content\/uploads\/2024\/01\/13-pelerin-sur-la-terre.mp3\">http:\/\/sadg.fr\/wp-content\/uploads\/2024\/01\/13-pelerin-sur-la-terre.mp3<\/a><\/span><\/span><\/em><\/li>\n<\/ul>\n<p><span style=\"text-decoration: underline;\">Pour la messe :<\/span> RDV dans l&rsquo;\u00e9glise, une demi-heure avant la messe (si possible)<\/p>\n<p><span style=\"text-decoration: underline;\">Pour les r\u00e9p\u00e9titions :<\/span><\/p>\n<p>RDV dans l&rsquo;\u00e9glise de BG \u00e0 17h00 (Musiciens) ou 17h15 (Chanteurs)<\/p>\n<p>RDV dans l&rsquo;\u00e9glise de HG \u00e0 9h00 (Musiciens) ou 9h15 (Chanteurs)<\/p>\n","protected":false},"excerpt":{"rendered":"<p>Retrouve les chants de la prochaine \u00ab\u00a0messe en famille\u00a0\u00bb en descendant plus bas dans cette page ! C&rsquo;est quoi la \u00ab\u00a0messe en famille\u00a0\u00bb ? P\u00e9riodiquement, la messe dominicale est une \u00ab\u00a0messe en famille\u00a0\u00bb, c&rsquo;est \u00e0 dire une messe anim\u00e9e par une \u00e9quipe liturgique dans laquelle les parents et les enfants ont leur place&#8230; et donc [&hellip;]<\/p>\n","protected":false},"author":4,"featured_media":0,"parent":0,"menu_order":0,"comment_status":"closed","ping_status":"closed","template":"","meta":{"footnotes":""},"class_list":["post-2247","page","type-page","status-publish","hentry"],"_links":{"self":[{"href":"https:\/\/sadg.fr\/index.php?rest_route=\/wp\/v2\/pages\/2247","targetHints":{"allow":["GET"]}}],"collection":[{"href":"https:\/\/sadg.fr\/index.php?rest_route=\/wp\/v2\/pages"}],"about":[{"href":"https:\/\/sadg.fr\/index.php?rest_route=\/wp\/v2\/types\/page"}],"author":[{"embeddable":true,"href":"https:\/\/sadg.fr\/index.php?rest_route=\/wp\/v2\/users\/4"}],"replies":[{"embeddable":true,"href":"https:\/\/sadg.fr\/index.php?rest_route=%2Fwp%2Fv2%2Fcomments&post=2247"}],"version-history":[{"count":45,"href":"https:\/\/sadg.fr\/index.php?rest_route=\/wp\/v2\/pages\/2247\/revisions"}],"predecessor-version":[{"id":5816,"href":"https:\/\/sadg.fr\/index.php?rest_route=\/wp\/v2\/pages\/2247\/revisions\/5816"}],"wp:attachment":[{"href":"https:\/\/sadg.fr\/index.php?rest_route=%2Fwp%2Fv2%2Fmedia&parent=2247"}],"curies":[{"name":"wp","href":"https:\/\/api.w.org\/{rel}","templated":true}]}}