{"id":215,"date":"2015-04-07T21:50:48","date_gmt":"2015-04-07T21:50:48","guid":{"rendered":"http:\/\/alerteinfo.com\/steanne\/?page_id=215"},"modified":"2017-06-13T19:55:06","modified_gmt":"2017-06-13T19:55:06","slug":"partager-mouvements","status":"publish","type":"page","link":"https:\/\/sadg.fr\/?page_id=215","title":{"rendered":"Mouvements"},"content":{"rendered":"<p><em><span style=\"color: #99cc00;\"><strong>Action des Chr\u00e9tiens pour l&rsquo;Abolition de la Torture\u00a0(ACAT)<\/strong><\/span><\/em><\/p>\n<table>\n<tbody>\n<tr>\n<td>L&rsquo;ACAT\u00a0a pour but de combattre partout dans le monde les peines ou traitements cruels, inhumains ou d\u00e9gradants, la torture, les ex\u00e9cutions capitales judiciaires ou extra-judiciaires, les disparitions, les crimes de guerre, les crimes contre l\u2019humanit\u00e9 et les g\u00e9nocides.<br \/>\nElle assiste les victimes de tous ces crimes, notamment en se constituant partie civile devant les juridictions p\u00e9nales et elle concourt \u00e0 leur protection notamment par toutes actions en faveur du droit d\u2019asile et de la vigilance \u00e0 l\u2019\u00e9gard des renvois qui s\u2019av\u00e8reraient dangereux.<\/td>\n<td style=\"width: 200px;\"><a href=\"http:\/\/sadg.fr\/wp-content\/uploads\/2015\/04\/paroisse-ste-anne-de-goulaine-logo-acat1.png\" rel=\"attachment wp-att-515\"><img loading=\"lazy\" decoding=\"async\" class=\"aligncenter wp-image-515\" src=\"http:\/\/sadg.fr\/wp-content\/uploads\/2015\/04\/paroisse-ste-anne-de-goulaine-logo-acat1.png\" alt=\"paroisse-ste-anne-de-goulaine-logo-acat\" width=\"160\" height=\"160\" srcset=\"https:\/\/sadg.fr\/wp-content\/uploads\/2015\/04\/paroisse-ste-anne-de-goulaine-logo-acat1.png 160w, https:\/\/sadg.fr\/wp-content\/uploads\/2015\/04\/paroisse-ste-anne-de-goulaine-logo-acat1-150x150.png 150w\" sizes=\"auto, (max-width: 160px) 100vw, 160px\" \/><\/a><\/td>\n<\/tr>\n<\/tbody>\n<\/table>\n<p>L&rsquo;ACAT\u00a0fonde son action sur un r\u00e9seau actif de 39 000\u00a0membres adh\u00e9rents, donateurs et salari\u00e9s.<\/p>\n<p>Contact : Nicole CHAMPAIN 02 40 03 57 46<\/p>\n<hr \/>\n<p><span style=\"color: #99cc00;\"><b><i>Action Catholique des milieux Ind\u00e9pendants (ACI)<\/i><\/b><\/span><\/p>\n<p><a href=\"http:\/\/sadg.fr\/wp-content\/uploads\/2015\/04\/logo-aci-page.jpg\" rel=\"attachment wp-att-926\"><img loading=\"lazy\" decoding=\"async\" class=\"alignnone wp-image-926 size-full\" src=\"http:\/\/sadg.fr\/wp-content\/uploads\/2015\/04\/logo-aci-page.jpg\" alt=\"logo-aci-page\" width=\"956\" height=\"127\" srcset=\"https:\/\/sadg.fr\/wp-content\/uploads\/2015\/04\/logo-aci-page.jpg 956w, https:\/\/sadg.fr\/wp-content\/uploads\/2015\/04\/logo-aci-page-300x40.jpg 300w, https:\/\/sadg.fr\/wp-content\/uploads\/2015\/04\/logo-aci-page-768x102.jpg 768w\" sizes=\"auto, (max-width: 956px) 100vw, 956px\" \/><\/a><\/p>\n<div><\/div>\n<div>\n<table>\n<tbody>\n<tr>\n<td style=\"vertical-align: top;\">L&rsquo;ACI est un mouvement apostolique au sein de l\u2019\u00c9glise. Elle s&rsquo;inscrit dans la grande famille des mouvements d&rsquo;action catholique.<\/p>\n<p>&nbsp;<\/p>\n<p>&#8211; Se rassembler en \u00e9quipe, lieu de confiance (pour partager, \u00e9changer une fois par mois)<\/p>\n<p>&#8211; Cheminer \u00e0 l\u2019aide de la r\u00e9vision de vie, de l\u2019enqu\u00eate, de la m\u00e9ditation (tout au long de l\u2019ann\u00e9e un th\u00e8me commun nous guide)<\/p>\n<p>&#8211; Une spiritualit\u00e9 du \u00ab regarder, discerner, transformer \u00bb<\/p>\n<p>&#8211; Prendre conscience de la dimension collective de nos vies et de nos choix (Dans un monde o\u00f9 l\u2019individualisme est la r\u00e9f\u00e9rence, nous nous laissons transformer et essayons d\u2019agir)\u00a0\u00a0\u00a0\u00a0\u00a0\u00a0\u00a0\u00a0\u00a0\u00a0\u00a0\u00a0\u00a0\u00a0\u00a0\u00a0\u00a0\u00a0\u00a0\u00a0\u00a0\u00a0\u00a0\u00a0\u00a0\u00a0\u00a0\u00a0\u00a0\u00a0\u00a0\u00a0\u00a0\u00a0\u00a0\u00a0\u00a0\u00a0\u00a0\u00a0\u00a0\u00a0\u00a0\u00a0\u00a0\u00a0\u00a0\u00a0\u00a0\u00a0\u00a0\u00a0\u00a0 &#8211; Servir la coh\u00e9rence entre la vie et la foi (\u00ab \u00catre chr\u00e9tien, c\u2019est un difficile art de vivre \u00bb. Nos rencontres nous aident \u00e0 \u00eatre fid\u00e8les au message de l\u2019\u00c9vangile)<\/td>\n<td style=\"width: 200px; vertical-align: top;\">\u00a0<a href=\"http:\/\/sadg.fr\/wp-content\/uploads\/2015\/04\/paroisse-ste-anne-de-goulaine-aci.png\" rel=\"attachment wp-att-519\"><img loading=\"lazy\" decoding=\"async\" class=\"size-medium wp-image-519 aligncenter\" src=\"http:\/\/sadg.fr\/wp-content\/uploads\/2015\/04\/paroisse-ste-anne-de-goulaine-aci-300x247.png\" alt=\"paroisse-ste-anne-de-goulaine-aci\" width=\"300\" height=\"247\" srcset=\"https:\/\/sadg.fr\/wp-content\/uploads\/2015\/04\/paroisse-ste-anne-de-goulaine-aci-300x247.png 300w, https:\/\/sadg.fr\/wp-content\/uploads\/2015\/04\/paroisse-ste-anne-de-goulaine-aci.png 403w\" sizes=\"auto, (max-width: 300px) 100vw, 300px\" \/><\/a><\/td>\n<\/tr>\n<\/tbody>\n<\/table>\n<p>Contact : Guyl\u00e8ne Mansour &#8211; 02 40 54 56 89<\/p>\n<p>Site Web : <a href=\"http:\/\/www.acifrance.com\" target=\"_blank\">http:\/\/www.acifrance.com<\/a><\/p>\n<\/div>\n<hr \/>\n<p><span style=\"color: #99cc00;\"><em><strong>Le\u00a0Mouvement Chr\u00e9tien des Retrait\u00e9s (MCR)<\/strong><\/em><\/span><\/p>\n<table>\n<tbody>\n<tr>\n<td style=\"width: 500px;\">Ce mouvement regroupe des hommes et des femmes qui ont cess\u00e9 leur activit\u00e9\u00a0 professionnelle et veulent \u00e9clairer leur foi en r\u00e9fl\u00e9chissant ensemble sur leur \u00e9tat de vie : comment vivre sa retraite en \u00e9tant actifs dans la soci\u00e9t\u00e9 et missionnaires au quotidien ?<\/td>\n<td style=\"width: 200px;\"><a href=\"http:\/\/sadg.fr\/wp-content\/uploads\/2015\/04\/paroisse-ste-anne-de-goulaine-mcr.jpg\" rel=\"attachment wp-att-518\"><img loading=\"lazy\" decoding=\"async\" class=\"alignnone wp-image-518\" src=\"http:\/\/sadg.fr\/wp-content\/uploads\/2015\/04\/paroisse-ste-anne-de-goulaine-mcr.jpg\" alt=\"paroisse-ste-anne-de-goulaine-mcr\" width=\"193\" height=\"227\" \/><\/a><\/td>\n<\/tr>\n<\/tbody>\n<\/table>\n<p>Contact Maisons Paroissiales :<\/p>\n<ul>\n<li>Basse Goulaine\u00a0 02 40 06 00 05<\/li>\n<li>Haute Goulaine \u00a002 40 54 91 31<\/li>\n<\/ul>\n<hr \/>\n<p><em><span style=\"color: #99cc00;\"><strong>Communaut\u00e9 du Chemin Neuf<br \/>\n<\/strong><\/span><\/em><\/p>\n<table border=\"0\">\n<tbody>\n<tr>\n<td>N\u00e9e d\u2019un groupe de pri\u00e8re en 1973 \u00e0 Lyon, la Communaut\u00e9 du Chemin Neuf est une Communaut\u00e9 catholique \u00e0 vocation \u0153cum\u00e9nique.<\/td>\n<td style=\"width: 200px;\"><a href=\"http:\/\/sadg.fr\/wp-content\/uploads\/2015\/04\/CCN.jpg\" rel=\"attachment wp-att-1874\"><img loading=\"lazy\" decoding=\"async\" class=\"alignnone size-full wp-image-1874\" src=\"http:\/\/sadg.fr\/wp-content\/uploads\/2015\/04\/CCN.jpg\" alt=\"CCN\" width=\"229\" height=\"200\" \/><\/a><\/td>\n<\/tr>\n<\/tbody>\n<\/table>\n<p>Quelques propositions dans notre r\u00e9gion :<\/p>\n<p><strong><em>Cana : au service du couple et de la famille<\/em><\/strong><\/p>\n<p>Les sessions Cana sont un temps de halte et de rencontre conjugale: une semaine pour rompre le rythme de plus en plus soutenu impos\u00e9 par la vie moderne, au cours de laquelle le couple peut se retrouver et se ressourcer \u00e0 travers le partage et la pri\u00e8re. A travers ce chemin de dialogue et de r\u00e9conciliation, les couples vivent un v\u00e9ritable \u00abrenouveau \u00bb de leur alliance et de la gr\u00e2ce de leur sacrement de mariage.<\/p>\n<p>CANA, c\u2019est aussi &#8230; Cana Fianc\u00e9s, Cana Famille, Cana Esp\u00e9rance (pour personnes s\u00e9par\u00e9es ou divorc\u00e9es, seules), Cana\u00a0 Samarie (pour couples engag\u00e9s dans une nouvelle union apr\u00e8s divorce)<\/p>\n<p><a href=\"https:\/\/www.chemin-neuf.fr\/fr\/propositions\/cana\" target=\"_blank\">https:\/\/www.chemin-neuf.fr\/fr\/propositions\/cana<\/a><\/p>\n<p>&nbsp;<\/p>\n<p><strong><em>Mission Jeunes 14-18 ans<\/em><\/strong><\/p>\n<p>La p\u00e9dagogie de la mission aupr\u00e8s des jeunes est bas\u00e9e sur trois piliers : \u2022 La fraternit\u00e9 \u2022 La pri\u00e8re \u2022 La f\u00eate. Les semaines ou week-ends propos\u00e9s au 14-18 ans se d\u00e9roulent autour d\u2019un th\u00e8me (B\u00e2tir sur le Roc, Deviens ce que tu es\u2026) et m\u00ealent des moments d\u2019animation (chants, danses, jeux, cat\u00e9ch\u00e8ses, t\u00e9moignages), des temps de pri\u00e8re, mais aussi d\u2019\u00e9change et de partage en petits groupes.<\/p>\n<p>&nbsp;<\/p>\n<p><strong><em>Mission Jeunes 18-30 ans<\/em><\/strong><\/p>\n<p>Dans tous les lieux o\u00f9 elle se trouve, la Communaut\u00e9 exerce un minist\u00e8re particulier aupr\u00e8s des jeunes et leur ouvre tr\u00e8s largement ses portes. \u2022 Festivals internationaux \u00e0 Hautecombe et dans plusieurs villes d\u2019Europe ou du monde, Chorale internationale du Chemin Neuf,&#8230; \u2022 Cycles de formation en week-ends et soir\u00e9es ; \u00c9coles de langues en Allemagne, en France et au Royaume-Uni \u2022 Accompagnement spirituel, Exercices spirituels selon St Ignace, Retraite Jean-Baptiste&#8230;<\/p>\n<p>&nbsp;<\/p>\n<p>JET Jeunes \u00e0 l\u2019ETranger\u00a0: Volontariat international. Partir pour 1 an ou 2 ans \u00e0 l\u2019\u00e9tranger. Porter un projet de d\u00e9veloppement et de soutien \u00e0 la mission, en lien avec l\u2019\u00c9glise locale.<\/p>\n<p>&nbsp;<\/p>\n<p>Depuis sa fondation, la Communaut\u00e9 s\u2019est engag\u00e9e dans l\u2019animation de foyers d\u2019\u00e9tudiants au c\u0153ur des grandes villes. A Nantes\u00a0: <a href=\"http:\/\/www.foyersetudiants.org\/fr\/nantes-chapeaurouge\" target=\"_blank\">http:\/\/www.foyersetudiants.org\/fr\/nantes-chapeaurouge<\/a><\/p>\n<p>&nbsp;<\/p>\n<p><strong><em>FOI Fraternit\u00e9 \u0152cum\u00e9nique Internationale<\/em><\/strong><\/p>\n<p>La Fraternit\u00e9 \u0152cum\u00e9nique Internationale est un r\u00e9seau de pri\u00e8re, de formation et d\u2019\u00e9vang\u00e9lisation dont les membres s\u2019engagent \u00e0 prier, se former et travailler pour l\u2019unit\u00e9 et la paix entre nos \u00c9glises et nos pays. Concr\u00e8tement, chaque mois la Communaut\u00e9 r\u00e9alise un film de 30 minutes sur un th\u00e8me pr\u00e9cis, pour nous ouvrir aux enjeux de paix et d\u2019unit\u00e9 pr\u00e9sents \u00e0 travers le monde. Traduit en 26 langues, ce film est envoy\u00e9 dans plus de 1000 \u00abpoints net\u00bb r\u00e9partis dans pr\u00e8s de 80 pays.<\/p>\n<p>Ces rencontres ont lieu chaque mois, sauf l\u2019\u00e9t\u00e9, habituellement le 3\u00e8me mardi du mois.<\/p>\n<p>Lieux les plus proches\u00a0:<\/p>\n<p>&#8211; Groupe de pri\u00e8re \u00e0 Nantes : Eglise St DOMINIQUE (paroisse Ste Catherine du petit Port) 50 rue des Renards \u00e0 Nantes; Tramway : ligne 2 arr\u00eat BOISSIERE<\/p>\n<p>+ bient\u00f4t aussi, \u00e0 la salle paroissiale de Basse-Goulaine<\/p>\n<p>&nbsp;<\/p>\n<p><strong>Contact\u00a0: <\/strong>Jean-Michel et Maria LIET &#8211; <a href=\"mailto:jean-michel.liet@orange.fr\">jean-michel.liet@orange.fr<\/a><\/p>\n<p>Site web\u00a0: <a href=\"https:\/\/www.chemin-neuf.fr\/\" target=\"_blank\">https:\/\/www.chemin-neuf.fr\/<\/a><\/p>\n<hr \/>\n<p><em><span style=\"color: #99cc00;\"><strong>Associations Familiales Catholiques (AFC)<br \/>\n<\/strong><\/span><\/em><\/p>\n<table border=\"0\">\n<tbody>\n<tr>\n<td>Pr\u00e9sentes sur tout le territoire fran\u00e7ais, les AFC repr\u00e9sentent 30 000 familles adh\u00e9rentes, r\u00e9parties dans pr\u00e8s de 350 AFC locales et 74 F\u00e9d\u00e9rations d\u00e9partementales.<\/td>\n<td style=\"width: 200px;\"><a href=\"http:\/\/sadg.fr\/wp-content\/uploads\/2015\/04\/CCN-1.jpg\" rel=\"attachment wp-att-1885\"><img loading=\"lazy\" decoding=\"async\" class=\"alignnone size-full wp-image-1885\" src=\"http:\/\/sadg.fr\/wp-content\/uploads\/2015\/04\/CCN-1.jpg\" alt=\"CCN\" width=\"280\" height=\"82\" \/><\/a><\/td>\n<\/tr>\n<\/tbody>\n<\/table>\n<p>&nbsp;<\/p>\n<p>Notre mission :<\/p>\n<ul>\n<li>Valoriser la famille fond\u00e9e sur le mariage et ouverte \u00e0 la vie comme chemin de bonheur et d&rsquo;\u00e9panouissement de la personne.<\/li>\n<li>Discerner localement les besoins des familles et prendre des initiatives pour y r\u00e9pondre : services, rencontres, formation, aide \u00e9ducative&#8230;<\/li>\n<li>\u00catre une force de proposition permanente aupr\u00e8s des acteurs \u00e9conomiques, sociaux et politiques, pour que le choix de la famille et l&rsquo;accueil de l&rsquo;enfant soient facilit\u00e9s.<\/li>\n<\/ul>\n<p>Les Associations Familiales Catholiques sont un cadre d\u2019engagement et d\u2019entraide offert \u00e0 tous ceux qui veulent agir dans la soci\u00e9t\u00e9 au service de la famille \u00e0 la lumi\u00e8re de l\u2019enseignement de l\u2019Eglise Catholique.<\/p>\n<p>Au service des familles du Sud de Nantes, l\u2019AFC de Vertou-Sud Vignoble propose <strong>cinq <\/strong><a href=\"http:\/\/www.afc-44.org\/education\/chantiers-education\/\">chantiers \u00e9ducation<\/a>, Par ailleurs, elle organise<strong> deux <\/strong><a href=\"http:\/\/www.afc-44.org\/services\/grenier-aux-vetements\/\">bourses aux v\u00eatements<\/a> par an ainsi que des ateliers Cycloshow et XY.<\/p>\n<p><strong>Contact\u00a0: <\/strong><strong><a href=\"mailto:afc44vertou@afc-france.org\" target=\"_blank\">afc44vertou@afc-france.org<\/a><strong>\u00a0 &#8211;<\/strong><\/strong><\/p>\n<p><strong><strong>Site\u00a0: <a href=\"http:\/\/www.afc-44.org\/afc44\/vertou\/\">http:\/\/www.afc-44.org\/afc44\/vertou\/<\/a><\/strong><\/strong><\/p>\n<p>&nbsp;<\/p>\n","protected":false},"excerpt":{"rendered":"<p>Action des Chr\u00e9tiens pour l&rsquo;Abolition de la Torture\u00a0(ACAT) L&rsquo;ACAT\u00a0a pour but de combattre partout dans le monde les peines ou traitements cruels, inhumains ou d\u00e9gradants, la torture, les ex\u00e9cutions capitales judiciaires ou extra-judiciaires, les disparitions, les crimes de guerre, les crimes contre l\u2019humanit\u00e9 et les g\u00e9nocides. Elle assiste les victimes de tous ces crimes, notamment [&hellip;]<\/p>\n","protected":false},"author":1,"featured_media":0,"parent":372,"menu_order":0,"comment_status":"closed","ping_status":"closed","template":"","meta":{"footnotes":""},"class_list":["post-215","page","type-page","status-publish","hentry"],"_links":{"self":[{"href":"https:\/\/sadg.fr\/index.php?rest_route=\/wp\/v2\/pages\/215","targetHints":{"allow":["GET"]}}],"collection":[{"href":"https:\/\/sadg.fr\/index.php?rest_route=\/wp\/v2\/pages"}],"about":[{"href":"https:\/\/sadg.fr\/index.php?rest_route=\/wp\/v2\/types\/page"}],"author":[{"embeddable":true,"href":"https:\/\/sadg.fr\/index.php?rest_route=\/wp\/v2\/users\/1"}],"replies":[{"embeddable":true,"href":"https:\/\/sadg.fr\/index.php?rest_route=%2Fwp%2Fv2%2Fcomments&post=215"}],"version-history":[{"count":30,"href":"https:\/\/sadg.fr\/index.php?rest_route=\/wp\/v2\/pages\/215\/revisions"}],"predecessor-version":[{"id":1886,"href":"https:\/\/sadg.fr\/index.php?rest_route=\/wp\/v2\/pages\/215\/revisions\/1886"}],"up":[{"embeddable":true,"href":"https:\/\/sadg.fr\/index.php?rest_route=\/wp\/v2\/pages\/372"}],"wp:attachment":[{"href":"https:\/\/sadg.fr\/index.php?rest_route=%2Fwp%2Fv2%2Fmedia&parent=215"}],"curies":[{"name":"wp","href":"https:\/\/api.w.org\/{rel}","templated":true}]}}