{"id":207,"date":"2015-04-07T21:38:59","date_gmt":"2015-04-07T21:38:59","guid":{"rendered":"http:\/\/alerteinfo.com\/steanne\/?page_id=207"},"modified":"2023-08-29T12:52:08","modified_gmt":"2023-08-29T12:52:08","slug":"servir-c-a-e-p","status":"publish","type":"page","link":"https:\/\/sadg.fr\/?page_id=207","title":{"rendered":"Conseil des Affaires Economiques de la Paroisse (CAEP)"},"content":{"rendered":"<p>La Paroisse est g\u00e9r\u00e9e financi\u00e8rement et mat\u00e9riellement par le CAEP. Il est compos\u00e9 du cur\u00e9 et des membres la\u00efcs :<\/p>\n<ul>\n<li>Lo\u00efc MOLLAT<\/li>\n<li>Pierre COLLEAU<\/li>\n<li>Michel TEILLET<\/li>\n<li>David LANIAU<\/li>\n<li>Pascal RINEAU<\/li>\n<li>Juste GARY<\/li>\n<\/ul>\n<p>Il se r\u00e9unit 2 fois par trimestre.<\/p>\n<p>La Paroisse ne vit que de vos dons et de votre participation financi\u00e8re.<\/p>\n<p>Ne l&rsquo;oubliez pas. Merci.<\/p>\n","protected":false},"excerpt":{"rendered":"<p>La Paroisse est g\u00e9r\u00e9e financi\u00e8rement et mat\u00e9riellement par le CAEP. Il est compos\u00e9 du cur\u00e9 et des membres la\u00efcs : Lo\u00efc MOLLAT Pierre COLLEAU Michel TEILLET David LANIAU Pascal RINEAU Juste GARY Il se r\u00e9unit 2 fois par trimestre. La Paroisse ne vit que de vos dons et de votre participation financi\u00e8re. Ne l&rsquo;oubliez pas. [&hellip;]<\/p>\n","protected":false},"author":1,"featured_media":0,"parent":410,"menu_order":0,"comment_status":"closed","ping_status":"closed","template":"","meta":{"footnotes":""},"class_list":["post-207","page","type-page","status-publish","hentry"],"_links":{"self":[{"href":"https:\/\/sadg.fr\/index.php?rest_route=\/wp\/v2\/pages\/207","targetHints":{"allow":["GET"]}}],"collection":[{"href":"https:\/\/sadg.fr\/index.php?rest_route=\/wp\/v2\/pages"}],"about":[{"href":"https:\/\/sadg.fr\/index.php?rest_route=\/wp\/v2\/types\/page"}],"author":[{"embeddable":true,"href":"https:\/\/sadg.fr\/index.php?rest_route=\/wp\/v2\/users\/1"}],"replies":[{"embeddable":true,"href":"https:\/\/sadg.fr\/index.php?rest_route=%2Fwp%2Fv2%2Fcomments&post=207"}],"version-history":[{"count":12,"href":"https:\/\/sadg.fr\/index.php?rest_route=\/wp\/v2\/pages\/207\/revisions"}],"predecessor-version":[{"id":5499,"href":"https:\/\/sadg.fr\/index.php?rest_route=\/wp\/v2\/pages\/207\/revisions\/5499"}],"up":[{"embeddable":true,"href":"https:\/\/sadg.fr\/index.php?rest_route=\/wp\/v2\/pages\/410"}],"wp:attachment":[{"href":"https:\/\/sadg.fr\/index.php?rest_route=%2Fwp%2Fv2%2Fmedia&parent=207"}],"curies":[{"name":"wp","href":"https:\/\/api.w.org\/{rel}","templated":true}]}}