{"id":203,"date":"2015-04-07T21:37:59","date_gmt":"2015-04-07T21:37:59","guid":{"rendered":"http:\/\/alerteinfo.com\/steanne\/?page_id=203"},"modified":"2024-06-11T09:39:41","modified_gmt":"2024-06-11T09:39:41","slug":"servir-les-pretres","status":"publish","type":"page","link":"https:\/\/sadg.fr\/?page_id=203","title":{"rendered":"L\u2019Equipe Pastorale"},"content":{"rendered":"<div>\n<table style=\"width: 100.833333%;\">\n<tbody>\n<tr>\n<td style=\"vertical-align: top; width: 81.547619%;\">L\u2019Equipe Pastorale pr\u00e9voit et met en \u0153uvre les actions permettant \u00e0 la paroisse de remplir ses trois fonctions : \u00e9vang\u00e9liser, c\u00e9l\u00e9brer les sacrements, vivre la charit\u00e9 dans le service des fr\u00e8res. Elle se r\u00e9unit chaque semaine pr\u00e9sid\u00e9e par le cur\u00e9.\n<p><strong>Nos Pr\u00eatres<\/strong><\/p>\n<table style=\"border-collapse: collapse; width: 100%;\">\n<tbody>\n<tr>\n<td style=\"width: 50%;\"><a href=\"http:\/\/sadg.fr\/wp-content\/uploads\/2023\/09\/P1360147-scaled-e1694116256236.jpg\"><img loading=\"lazy\" decoding=\"async\" class=\"wp-image-5530 aligncenter\" src=\"http:\/\/sadg.fr\/wp-content\/uploads\/2023\/09\/P1360147-scaled-e1694116256236-288x300.jpg\" alt=\"\" width=\"151\" height=\"158\" srcset=\"https:\/\/sadg.fr\/wp-content\/uploads\/2023\/09\/P1360147-scaled-e1694116256236-288x300.jpg 288w, https:\/\/sadg.fr\/wp-content\/uploads\/2023\/09\/P1360147-scaled-e1694116256236-983x1024.jpg 983w, https:\/\/sadg.fr\/wp-content\/uploads\/2023\/09\/P1360147-scaled-e1694116256236-768x800.jpg 768w, https:\/\/sadg.fr\/wp-content\/uploads\/2023\/09\/P1360147-scaled-e1694116256236.jpg 1216w\" sizes=\"auto, (max-width: 151px) 100vw, 151px\" \/><\/a><\/td>\n<td style=\"width: 50%;\"><a href=\"http:\/\/sadg.fr\/wp-content\/uploads\/2023\/09\/athimon_francis.jpg\"><img loading=\"lazy\" decoding=\"async\" class=\"wp-image-5534 aligncenter\" src=\"http:\/\/sadg.fr\/wp-content\/uploads\/2023\/09\/athimon_francis-225x300.jpg\" alt=\"\" width=\"123\" height=\"164\" srcset=\"https:\/\/sadg.fr\/wp-content\/uploads\/2023\/09\/athimon_francis-225x300.jpg 225w, https:\/\/sadg.fr\/wp-content\/uploads\/2023\/09\/athimon_francis.jpg 300w\" sizes=\"auto, (max-width: 123px) 100vw, 123px\" \/><\/a><\/td>\n<\/tr>\n<tr>\n<td style=\"width: 50%; text-align: center;\">P\u00e8re Gildas TONOUKOUIN<\/td>\n<td style=\"width: 50%; text-align: center;\">P\u00e8re Francis ATHIMON<\/td>\n<\/tr>\n<\/tbody>\n<\/table>\n<table style=\"border-collapse: collapse; width: 100%;\">\n<tbody>\n<tr>\n<td style=\"width: 33.333333%;\">Gildas TONOUKOUIN<\/td>\n<td style=\"width: 33.333333%;\"><span style=\"font-size: revert; font-family: inherit;\">02 40 06 00 05<\/span><\/td>\n<td style=\"width: 33.333333%;\"><span style=\"font-size: revert; font-family: inherit;\"><a href=\"mailto:paroisse@sadg.fr\">paroisse@sadg.fr<\/a><\/span><\/td>\n<\/tr>\n<tr>\n<td style=\"width: 33.333333%;\"><em>Cur\u00e9<\/em><\/td>\n<td style=\"width: 33.333333%;\"><span style=\"font-size: revert; font-family: inherit;\">\u00a0<\/span><\/td>\n<td style=\"width: 33.333333%;\"><span style=\"font-size: revert; font-family: inherit;\">\u00a0<\/span><\/td>\n<\/tr>\n<tr>\n<td style=\"width: 33.333333%;\">Francis Athimon<\/td>\n<td style=\"width: 33.333333%;\"><span style=\"font-size: revert; font-family: inherit;\">02 40 06 00 05<\/span><\/td>\n<td style=\"width: 33.333333%;\"><span style=\"font-size: revert; font-family: inherit;\"><a href=\"mailto:paroisse@sadg.fr\">paroisse@sadg.fr<\/a><\/span><\/td>\n<\/tr>\n<\/tbody>\n<\/table>\n<p><strong>La\u00efques en Mission Eccl\u00e9siale (LEME)<\/strong><\/p>\n<table style=\"border-collapse: collapse; width: 100%; height: 92px;\">\n<tbody>\n<tr style=\"height: 23px;\">\n<td style=\"width: 33.3333%; height: 23px;\">Charleine MATONDOT<\/td>\n<td style=\"width: 33.3333%; height: 23px;\">06 59 31 80 83<\/td>\n<td style=\"width: 33.3333%; height: 23px;\">\u00a0<a href=\"mailto:assistante@sadg.fr\">assistante@sadg.fr<\/a><\/td>\n<\/tr>\n<tr style=\"height: 23px;\">\n<td style=\"width: 33.3333%; height: 23px;\"><em>Assistante paroissiale<\/em><\/td>\n<td style=\"width: 33.3333%; height: 23px;\">\u00a0<\/td>\n<td style=\"width: 33.3333%; height: 23px;\">\u00a0<\/td>\n<\/tr>\n<tr style=\"height: 23px;\">\n<td style=\"width: 33.3333%; height: 23px;\">\u00a0<\/td>\n<td style=\"width: 33.3333%; height: 23px;\">\u00a0<\/td>\n<td style=\"width: 33.3333%; height: 23px;\">\u00a0<\/td>\n<\/tr>\n<tr style=\"height: 23px;\">\n<td style=\"width: 33.3333%; height: 23px;\">\u00a0<\/td>\n<td style=\"width: 33.3333%; height: 23px;\">\u00a0<\/td>\n<td style=\"width: 33.3333%; height: 23px;\">\u00a0<\/td>\n<\/tr>\n<\/tbody>\n<\/table>\n<p><strong>Econome paroissiale<\/strong><\/p>\n<table style=\"border-collapse: collapse; width: 100%;\">\n<tbody>\n<tr>\n<td style=\"width: 33.333333%;\">Claude AUDOUIN<\/td>\n<td style=\"width: 33.333333%;\">06 74 28 55 77<\/td>\n<td style=\"width: 33.333333%;\"><a href=\"mailto:claude.audouin@wanadoo.fr\">claude.audouin@wanadoo.fr<\/a><\/td>\n<\/tr>\n<\/tbody>\n<\/table>\n<\/td>\n<\/tr>\n<\/tbody>\n<\/table>\n<\/div>\n\n","protected":false},"excerpt":{"rendered":"<p>L\u2019Equipe Pastorale pr\u00e9voit et met en \u0153uvre les actions permettant \u00e0 la paroisse de remplir ses trois fonctions : \u00e9vang\u00e9liser, c\u00e9l\u00e9brer les sacrements, vivre la charit\u00e9 dans le service des fr\u00e8res. Elle se r\u00e9unit chaque semaine pr\u00e9sid\u00e9e par le cur\u00e9. Nos Pr\u00eatres P\u00e8re Gildas TONOUKOUIN P\u00e8re Francis ATHIMON Gildas TONOUKOUIN 02 40 06 00 05 [&hellip;]<\/p>\n","protected":false},"author":1,"featured_media":0,"parent":410,"menu_order":0,"comment_status":"closed","ping_status":"closed","template":"","meta":{"footnotes":""},"class_list":["post-203","page","type-page","status-publish","hentry"],"_links":{"self":[{"href":"https:\/\/sadg.fr\/index.php?rest_route=\/wp\/v2\/pages\/203","targetHints":{"allow":["GET"]}}],"collection":[{"href":"https:\/\/sadg.fr\/index.php?rest_route=\/wp\/v2\/pages"}],"about":[{"href":"https:\/\/sadg.fr\/index.php?rest_route=\/wp\/v2\/types\/page"}],"author":[{"embeddable":true,"href":"https:\/\/sadg.fr\/index.php?rest_route=\/wp\/v2\/users\/1"}],"replies":[{"embeddable":true,"href":"https:\/\/sadg.fr\/index.php?rest_route=%2Fwp%2Fv2%2Fcomments&post=203"}],"version-history":[{"count":49,"href":"https:\/\/sadg.fr\/index.php?rest_route=\/wp\/v2\/pages\/203\/revisions"}],"predecessor-version":[{"id":6364,"href":"https:\/\/sadg.fr\/index.php?rest_route=\/wp\/v2\/pages\/203\/revisions\/6364"}],"up":[{"embeddable":true,"href":"https:\/\/sadg.fr\/index.php?rest_route=\/wp\/v2\/pages\/410"}],"wp:attachment":[{"href":"https:\/\/sadg.fr\/index.php?rest_route=%2Fwp%2Fv2%2Fmedia&parent=203"}],"curies":[{"name":"wp","href":"https:\/\/api.w.org\/{rel}","templated":true}]}}