{"id":188,"date":"2015-04-07T21:23:55","date_gmt":"2015-04-07T21:23:55","guid":{"rendered":"http:\/\/alerteinfo.com\/steanne\/?page_id=188"},"modified":"2018-09-22T19:42:14","modified_gmt":"2018-09-22T19:42:14","slug":"accompagner-maladie","status":"publish","type":"page","link":"https:\/\/sadg.fr\/?page_id=188","title":{"rendered":"Maladie"},"content":{"rendered":"<p>Le Service \u00c9vang\u00e9lique des Malades et personnes \u00e2g\u00e9es est une structure paroissiale, \u00e0 la disposition\u00a0 de tous les r\u00e9sidents de maison de retraite, les personnes isol\u00e9es, \u00e2g\u00e9es, ou malades, qui vivent\u00a0 \u00e0 leur domicile, pour accompagner, visiter, \u00e9couter, partager. Le service est assur\u00e9 par des chr\u00e9tiens b\u00e9n\u00e9voles regroup\u00e9s en \u00e9quipe.<\/p>\n<p>Contact\u00a0:<\/p>\n<p>A Basse Goulaine :<\/p>\n<ul>\n<li>Maison Paroissiale\u00a0 T\u00e9l\u00a0 02 40 06 00 05<\/li>\n<li>Michel Euzen\u00a0\u00a0\u00a0\u00a0\u00a0\u00a0\u00a0\u00a0\u00a0\u00a0\u00a0\u00a0 T\u00e9l 02 40 03 54 23<\/li>\n<\/ul>\n<p>A Haute Goulaine :<\/p>\n<ul>\n<li>Maison Paroissiale\u00a0 Tel\u00a0 02 40 54 91 31<\/li>\n<li>Jacques Leroy \u00a0 T\u00e9l 02 40 54\u00a0 96 95<\/li>\n<\/ul>\n","protected":false},"excerpt":{"rendered":"<p>Le Service \u00c9vang\u00e9lique des Malades et personnes \u00e2g\u00e9es est une structure paroissiale, \u00e0 la disposition\u00a0 de tous les r\u00e9sidents de maison de retraite, les personnes isol\u00e9es, \u00e2g\u00e9es, ou malades, qui vivent\u00a0 \u00e0 leur domicile, pour accompagner, visiter, \u00e9couter, partager. Le service est assur\u00e9 par des chr\u00e9tiens b\u00e9n\u00e9voles regroup\u00e9s en \u00e9quipe. Contact\u00a0: A Basse Goulaine : [&hellip;]<\/p>\n","protected":false},"author":1,"featured_media":0,"parent":339,"menu_order":2,"comment_status":"closed","ping_status":"closed","template":"","meta":{"footnotes":""},"class_list":["post-188","page","type-page","status-publish","hentry"],"_links":{"self":[{"href":"https:\/\/sadg.fr\/index.php?rest_route=\/wp\/v2\/pages\/188","targetHints":{"allow":["GET"]}}],"collection":[{"href":"https:\/\/sadg.fr\/index.php?rest_route=\/wp\/v2\/pages"}],"about":[{"href":"https:\/\/sadg.fr\/index.php?rest_route=\/wp\/v2\/types\/page"}],"author":[{"embeddable":true,"href":"https:\/\/sadg.fr\/index.php?rest_route=\/wp\/v2\/users\/1"}],"replies":[{"embeddable":true,"href":"https:\/\/sadg.fr\/index.php?rest_route=%2Fwp%2Fv2%2Fcomments&post=188"}],"version-history":[{"count":8,"href":"https:\/\/sadg.fr\/index.php?rest_route=\/wp\/v2\/pages\/188\/revisions"}],"predecessor-version":[{"id":2435,"href":"https:\/\/sadg.fr\/index.php?rest_route=\/wp\/v2\/pages\/188\/revisions\/2435"}],"up":[{"embeddable":true,"href":"https:\/\/sadg.fr\/index.php?rest_route=\/wp\/v2\/pages\/339"}],"wp:attachment":[{"href":"https:\/\/sadg.fr\/index.php?rest_route=%2Fwp%2Fv2%2Fmedia&parent=188"}],"curies":[{"name":"wp","href":"https:\/\/api.w.org\/{rel}","templated":true}]}}