{"id":181,"date":"2015-04-07T21:07:40","date_gmt":"2015-04-07T21:07:40","guid":{"rendered":"http:\/\/alerteinfo.com\/steanne\/?page_id=181"},"modified":"2021-03-16T14:33:40","modified_gmt":"2021-03-16T14:33:40","slug":"celebrer-reconcillation","status":"publish","type":"page","link":"https:\/\/sadg.fr\/?page_id=181","title":{"rendered":"R\u00e9conciliation"},"content":{"rendered":"<p>Le sacrement du pardon, appel\u00e9 aussi sacrement de p\u00e9nitence et de r\u00e9conciliation, est une d\u00e9marche forte du chr\u00e9tien. Reconnaissant,\u00a0par la confession, que Dieu l\u2019aime malgr\u00e9 ses p\u00e9ch\u00e9s,\u00a0 il re\u00e7oit la force de se relever : Dieu lui pardonne.<\/p>\n<p><strong>En pratique, <\/strong>ce sacrement est re\u00e7u :<br \/>\n&#8211; au cours de c\u00e9l\u00e9brations p\u00e9nitentielles communautaires, dans la rencontre personnelle avec un pr\u00eatre. Ces c\u00e9l\u00e9brations sont propos\u00e9es au moment des temps forts de l\u2019ann\u00e9e liturgique.<\/p>\n<p>&#8211; lors de confessions individuelles, dans une rencontre personnelle avec un pr\u00eatre.<\/p>\n","protected":false},"excerpt":{"rendered":"<p>Le sacrement du pardon, appel\u00e9 aussi sacrement de p\u00e9nitence et de r\u00e9conciliation, est une d\u00e9marche forte du chr\u00e9tien. Reconnaissant,\u00a0par la confession, que Dieu l\u2019aime malgr\u00e9 ses p\u00e9ch\u00e9s,\u00a0 il re\u00e7oit la force de se relever : Dieu lui pardonne. En pratique, ce sacrement est re\u00e7u : &#8211; au cours de c\u00e9l\u00e9brations p\u00e9nitentielles communautaires, dans la rencontre [&hellip;]<\/p>\n","protected":false},"author":1,"featured_media":0,"parent":0,"menu_order":0,"comment_status":"closed","ping_status":"closed","template":"","meta":{"footnotes":""},"class_list":["post-181","page","type-page","status-publish","hentry"],"_links":{"self":[{"href":"https:\/\/sadg.fr\/index.php?rest_route=\/wp\/v2\/pages\/181","targetHints":{"allow":["GET"]}}],"collection":[{"href":"https:\/\/sadg.fr\/index.php?rest_route=\/wp\/v2\/pages"}],"about":[{"href":"https:\/\/sadg.fr\/index.php?rest_route=\/wp\/v2\/types\/page"}],"author":[{"embeddable":true,"href":"https:\/\/sadg.fr\/index.php?rest_route=\/wp\/v2\/users\/1"}],"replies":[{"embeddable":true,"href":"https:\/\/sadg.fr\/index.php?rest_route=%2Fwp%2Fv2%2Fcomments&post=181"}],"version-history":[{"count":10,"href":"https:\/\/sadg.fr\/index.php?rest_route=\/wp\/v2\/pages\/181\/revisions"}],"predecessor-version":[{"id":4431,"href":"https:\/\/sadg.fr\/index.php?rest_route=\/wp\/v2\/pages\/181\/revisions\/4431"}],"wp:attachment":[{"href":"https:\/\/sadg.fr\/index.php?rest_route=%2Fwp%2Fv2%2Fmedia&parent=181"}],"curies":[{"name":"wp","href":"https:\/\/api.w.org\/{rel}","templated":true}]}}