{"id":1370,"date":"2016-09-28T20:50:03","date_gmt":"2016-09-28T20:50:03","guid":{"rendered":"http:\/\/sadg.fr\/?page_id=1370"},"modified":"2023-09-15T21:24:24","modified_gmt":"2023-09-15T21:24:24","slug":"donations-et-legs","status":"publish","type":"page","link":"https:\/\/sadg.fr\/?page_id=1370","title":{"rendered":"Donations et Legs"},"content":{"rendered":"<p><a href=\"http:\/\/sadg.fr\/wp-content\/uploads\/2016\/09\/annonce-presse_visuel-legs.jpg\" rel=\"attachment wp-att-1371\"><img loading=\"lazy\" decoding=\"async\" class=\" wp-image-1371 alignleft\" src=\"http:\/\/sadg.fr\/wp-content\/uploads\/2016\/09\/annonce-presse_visuel-legs.jpg\" alt=\"annonce-presse_visuel-legs\" width=\"538\" height=\"487\" srcset=\"https:\/\/sadg.fr\/wp-content\/uploads\/2016\/09\/annonce-presse_visuel-legs.jpg 700w, https:\/\/sadg.fr\/wp-content\/uploads\/2016\/09\/annonce-presse_visuel-legs-300x271.jpg 300w\" sizes=\"auto, (max-width: 538px) 100vw, 538px\" \/><\/a><\/p>\n<h1>L\u00e9guez \u00e0 l\u2019\u00c9glise catholique<\/h1>\n<p><strong>L\u2019\u00c9glise est habilit\u00e9e \u00e0 recevoir des legs, des donations et des contrats d\u2019assurance vie par la voie de l\u2019Association dioc\u00e9saine qui est totalement exon\u00e9r\u00e9e des droits de mutation.<\/strong><\/p>\n<p>Pour nous chr\u00e9tiens, faire vivre l\u2019Eglise, c\u2019est au fil des ans donner avec le Denier et, \u00e0 la fin de sa vie, donner avec le legs. Il en va de notre responsabilit\u00e9 de chr\u00e9tien de donner \u00e0 l\u2019Eglise les moyens de poursuivre sa mission. Or le legs est une ressource essentielle pour l\u2019Eglise. Le choix est vaste pour aider les plus d\u00e9munis : l\u2019enfance, la sant\u00e9, les personnes \u00e2g\u00e9es, l\u2019insertion, la solidarit\u00e9 internationale, etc\u2026 Chacun choisit en fonction des valeurs qui le touchent le plus.\u00a0<strong>Mais le legs \u00e0 l\u2019\u00c9glise est d\u2019une autre nature :<\/strong>\u00a0il est absolument indispensable \u00e0 son\u00a0 bon fonctionnement, notamment pour ses investissements et son d\u00e9veloppement. Les legs sont en effet, avec le Denier de l\u2019Eglise et les Qu\u00eates dominicales,\u00a0 une des principales ressources de l\u2019\u00c9glise.\u00a0Voil\u00e0 le sens du Legs \u00e0 l\u2019\u00c9glise : au moment de retourner vers le P\u00e8re, affirmer que, pour les g\u00e9n\u00e9rations qui nous suivent, l\u2019\u00c9glise doit continuer \u00e0 \u00eatre pr\u00e9sente et \u00e0 remplir sa mission d\u2019\u00e9vang\u00e9lisation, et lui en donner, \u00e0 sa mesure, qui peut \u00eatre modeste, les moyens mat\u00e9riels.<\/p>\n<h3>Pourquoi faire un legs ?<\/h3>\n<p>Donner, \u00e0 la fin de sa vie, c\u2019est exercer sa libert\u00e9 et sa ma\u00eetrise sur ses biens mat\u00e9riels, en s\u2019offrant la possibilit\u00e9 de r\u00e9server une part au plus faible (association caritative) ou aux valeurs spirituelles et missionnaires (l\u2019Eglise). C\u2019est aussi une fa\u00e7on de continuer \u00e0 faire du bien, comme nous l\u2019avons fait tout au long de notre vie.<\/p>\n<h3>Pourquoi l\u00e9guer \u00e0 l\u2019\u00c9glise ?<\/h3>\n<ul>\n<li style=\"list-style-type: none;\">\n<ul>\n<li style=\"list-style-type: none;\">\n<ul>\n<li>Le legs permet \u00e0 l\u2019Eglise de fonctionner, tout simplement.<\/li>\n<li>Il est un t\u00e9moignage de notre attachement, de notre appartenance \u00e0 cette Eglise, et de notre souci de la soutenir. C\u2019est une garantie pour l\u2019avenir de notre Eglise et pour les g\u00e9n\u00e9rations qui nous suivent.<\/li>\n<li>Il est, pour ceux qui nous entourent, une affirmation de notre foi, de nos convictions profondes, de nos choix et de nos priorit\u00e9s<\/li>\n<\/ul>\n<\/li>\n<\/ul>\n<\/li>\n<\/ul>\n<div>\n<h3>Que fait l\u2019\u00c9glise de ces dons ?<\/h3>\n<p>Ces dons permettent de financer la vie des paroisses et des pr\u00eatres, d\u2019accompagner les jeunes et les adultes dans l\u2019approfondissement de leur foi, de former les s\u00e9minaristes, les pr\u00eatres de demain (S\u00e9minaire interdioc\u00e9sain Saint-Jean), et d\u2019assurer l\u2019entretien, la r\u00e9paration et la construction des lieux de rassemblement : \u00e9glises (Eglise Sainte-Anne de Nantes), lieux d\u2019arts sacr\u00e9s et culturels (la Chapelle de l\u2019Immacul\u00e9e \u00e0 Nantes), locaux paroissiaux, \u00e9quipements pour les jeunes, aum\u00f4neries, s\u00e9minaires, maisons de retraite pour les pr\u00eatres \u00e2g\u00e9s (Maison du Bon Pasteur \u00e0 Nantes)\u2026\u00a0Ils sont donc essentiels pour la vie mat\u00e9rielle de l\u2019Eglise et pour pouvoir d\u00e9velopper de nouveaux projets.<\/p>\n<h3>Que l\u00e9guer \u00e0 l\u2019\u00c9glise ?<\/h3>\n<p>Tout type de bien (num\u00e9raire, compte titres, bien immobilier, meubles\u2026) Sous toute forme (legs universel, particulier, en nue propri\u00e9t\u00e9, assurance-vie\u2026)<\/p>\n<h3>Comment faire un legs \u00e0 l\u2019\u00c9glise ?<\/h3>\n<p>Le service juridique du dioc\u00e8se de Nantes vous accompagne dans votre d\u00e9sir de l\u00e9guer \u00e0 l\u2019\u00c9glise.\u00a0Il r\u00e9pond \u00e0 vos interrogations et vous aider \u00e0 concr\u00e9tiser votre choix de la meilleure fa\u00e7on possible, compte tenu de votre propre situation familiale et financi\u00e8re. Si vous souhaitez d\u2019autres explications n\u2019h\u00e9sitez pas \u00e0 contacter notre Service Legs, qui sera heureux de vous rencontrer dans ses locaux ou \u00e0 votre domicile, en toute confidentialit\u00e9.<\/p>\n<h3>Le guide du donateur<\/h3>\n<p>Un <strong>guide du donateur<\/strong> est \u00e0 votre disposition\u00a0 \u00a0 \u00a0 https:\/\/diocese44.fr\/wp-content\/uploads\/2021\/01\/Brochure_explicative_legs-2020.pdf<\/p>\n<blockquote class=\"wp-embedded-content\" data-secret=\"BpozruVi8e\"><p><a href=\"https:\/\/diocese44.fr\/dons\/dons-et-legs\/\">Dons et legs<\/a><\/p><\/blockquote>\n<p><iframe loading=\"lazy\" class=\"wp-embedded-content\" sandbox=\"allow-scripts\" security=\"restricted\" style=\"position: absolute; clip: rect(1px, 1px, 1px, 1px);\" title=\"\u00ab\u00a0Dons et legs\u00a0\u00bb &#8212; Dioc\u00e8se de Nantes\" src=\"https:\/\/diocese44.fr\/dons\/dons-et-legs\/embed\/#?secret=gehqN9yaMf#?secret=BpozruVi8e\" data-secret=\"BpozruVi8e\" width=\"506\" height=\"285\" frameborder=\"0\" marginwidth=\"0\" marginheight=\"0\" scrolling=\"no\"><\/iframe><\/p>\n<p>Si vous souhaitez le recevoir par courrier, contactez le <strong>:<br \/>\n<\/strong>Secr\u00e9tariat de l\u2019\u00e9v\u00each\u00e9 (service dons et legs) :<br \/>\n7 rue Cardinal Richard<br \/>\nBP 52 204<br \/>\n44 322 Nantes cedex 3<br \/>\n02 40 76 22 00<br \/>\nN\u2019h\u00e9sitez pas \u00e0 prendre contact.<br \/>\nUne personne pourra vous rencontrer sur rendez-vous en toute confidentialit\u00e9.<\/p>\n<\/div>\n","protected":false},"excerpt":{"rendered":"<p>L\u00e9guez \u00e0 l\u2019\u00c9glise catholique L\u2019\u00c9glise est habilit\u00e9e \u00e0 recevoir des legs, des donations et des contrats d\u2019assurance vie par la voie de l\u2019Association dioc\u00e9saine qui est totalement exon\u00e9r\u00e9e des droits de mutation. Pour nous chr\u00e9tiens, faire vivre l\u2019Eglise, c\u2019est au fil des ans donner avec le Denier et, \u00e0 la fin de sa vie, donner [&hellip;]<\/p>\n","protected":false},"author":4,"featured_media":0,"parent":372,"menu_order":0,"comment_status":"closed","ping_status":"closed","template":"","meta":{"footnotes":""},"class_list":["post-1370","page","type-page","status-publish","hentry"],"_links":{"self":[{"href":"https:\/\/sadg.fr\/index.php?rest_route=\/wp\/v2\/pages\/1370","targetHints":{"allow":["GET"]}}],"collection":[{"href":"https:\/\/sadg.fr\/index.php?rest_route=\/wp\/v2\/pages"}],"about":[{"href":"https:\/\/sadg.fr\/index.php?rest_route=\/wp\/v2\/types\/page"}],"author":[{"embeddable":true,"href":"https:\/\/sadg.fr\/index.php?rest_route=\/wp\/v2\/users\/4"}],"replies":[{"embeddable":true,"href":"https:\/\/sadg.fr\/index.php?rest_route=%2Fwp%2Fv2%2Fcomments&post=1370"}],"version-history":[{"count":3,"href":"https:\/\/sadg.fr\/index.php?rest_route=\/wp\/v2\/pages\/1370\/revisions"}],"predecessor-version":[{"id":5610,"href":"https:\/\/sadg.fr\/index.php?rest_route=\/wp\/v2\/pages\/1370\/revisions\/5610"}],"up":[{"embeddable":true,"href":"https:\/\/sadg.fr\/index.php?rest_route=\/wp\/v2\/pages\/372"}],"wp:attachment":[{"href":"https:\/\/sadg.fr\/index.php?rest_route=%2Fwp%2Fv2%2Fmedia&parent=1370"}],"curies":[{"name":"wp","href":"https:\/\/api.w.org\/{rel}","templated":true}]}}